{"id":71668,"date":"2020-04-16T11:48:50","date_gmt":"2020-04-16T11:48:50","guid":{"rendered":"https:\/\/lokatio.cz\/aktuality\/"},"modified":"2022-07-31T15:45:37","modified_gmt":"2022-07-31T15:45:37","slug":"news","status":"publish","type":"page","link":"https:\/\/lokatio.cz\/en\/news\/","title":{"rendered":"News"},"content":{"rendered":"\t\t<div data-elementor-type=\"wp-page\" data-elementor-id=\"71668\" class=\"elementor elementor-71668 elementor-45\" data-elementor-post-type=\"page\">\n\t\t\t\t\t\t<section data-dce-background-image-url=\"https:\/\/lokatio.cz\/wp-content\/uploads\/2021\/02\/OPTIMALIZACE-LOGISTIKY-LOKATIO.jpg\" class=\"elementor-section elementor-top-section elementor-element elementor-element-ddde722 elementor-section-full_width elementor-section-height-min-height elementor-section-items-stretch elementor-section-height-default\" data-id=\"ddde722\" data-element_type=\"section\" data-settings=\"{&quot;background_background&quot;:&quot;classic&quot;}\">\n\t\t\t\t\t\t<div class=\"elementor-container elementor-column-gap-default\">\n\t\t\t\t\t<div data-dce-background-image-url=\"https:\/\/lokatio.cz\/wp-content\/uploads\/2020\/09\/OPTIMALIZACE-LOGISTIKY-LOKATIO.jpg\" class=\"elementor-column elementor-col-100 elementor-top-column elementor-element elementor-element-7da42d3\" data-id=\"7da42d3\" data-element_type=\"column\" data-settings=\"{&quot;background_background&quot;:&quot;classic&quot;}\">\n\t\t\t<div class=\"elementor-widget-wrap\">\n\t\t\t\t\t\t\t<\/div>\n\t\t<\/div>\n\t\t\t\t\t<\/div>\n\t\t<\/section>\n\t\t\t\t<section class=\"elementor-section elementor-top-section elementor-element elementor-element-077f729 elementor-section-boxed elementor-section-height-default elementor-section-height-default\" data-id=\"077f729\" data-element_type=\"section\">\n\t\t\t\t\t\t<div class=\"elementor-container elementor-column-gap-default\">\n\t\t\t\t\t<div class=\"elementor-column elementor-col-100 elementor-top-column elementor-element elementor-element-f64ec7e\" data-id=\"f64ec7e\" data-element_type=\"column\">\n\t\t\t<div class=\"elementor-widget-wrap elementor-element-populated\">\n\t\t\t\t\t\t<section class=\"elementor-section elementor-inner-section elementor-element elementor-element-219bfee elementor-section-full_width elementor-section-height-default elementor-section-height-default\" data-id=\"219bfee\" data-element_type=\"section\">\n\t\t\t\t\t\t<div class=\"elementor-container elementor-column-gap-default\">\n\t\t\t\t\t<div class=\"elementor-column elementor-col-100 elementor-inner-column elementor-element elementor-element-21d9e39\" data-id=\"21d9e39\" data-element_type=\"column\">\n\t\t\t<div class=\"elementor-widget-wrap elementor-element-populated\">\n\t\t\t\t\t\t<div class=\"elementor-element elementor-element-34a17d7 elementor-grid-3 elementor-grid-tablet-2 elementor-grid-mobile-1 elementor-posts--thumbnail-top elementor-card-shadow-yes elementor-posts__hover-gradient elementor-widget elementor-widget-posts\" data-id=\"34a17d7\" data-element_type=\"widget\" data-settings=\"{&quot;cards_columns&quot;:&quot;3&quot;,&quot;cards_columns_tablet&quot;:&quot;2&quot;,&quot;cards_columns_mobile&quot;:&quot;1&quot;,&quot;cards_row_gap&quot;:{&quot;unit&quot;:&quot;px&quot;,&quot;size&quot;:35,&quot;sizes&quot;:[]},&quot;cards_row_gap_tablet&quot;:{&quot;unit&quot;:&quot;px&quot;,&quot;size&quot;:&quot;&quot;,&quot;sizes&quot;:[]},&quot;cards_row_gap_mobile&quot;:{&quot;unit&quot;:&quot;px&quot;,&quot;size&quot;:&quot;&quot;,&quot;sizes&quot;:[]}}\" data-widget_type=\"posts.cards\">\n\t\t\t\t<div class=\"elementor-widget-container\">\n\t\t\t\t\t<div class=\"elementor-posts-container elementor-posts elementor-posts--skin-cards elementor-grid\">\n\t\t\t\t<article class=\"elementor-post elementor-grid-item post-71681 post type-post status-publish format-standard hentry category-uncategorized\">\n\t\t\t<div class=\"elementor-post__card\">\n\t\t\t\t<div class=\"elementor-post__text\">\n\t\t\t\t<h3 class=\"elementor-post__title\">\n\t\t\t<a href=\"https:\/\/lokatio.cz\/en\/realitni-fond-wood-company-rozsiruje-portfolio-o-prazsky-green-point\/\" >\n\t\t\t\tRealitn\u00ed fond WOOD &#038; Company roz\u0161i\u0159uje portfolio o pra\u017esk\u00fd Green Point\t\t\t<\/a>\n\t\t<\/h3>\n\t\t\t\t<div class=\"elementor-post__excerpt\">\n\t\t\t<p>Aktiva WOOD &amp; Company Office podfondu nov\u011b dopln\u00ed v\u00a0po\u0159ad\u00ed u\u017e des\u00e1t\u00e1 kancel\u00e1\u0159sk\u00e1 budova. Jedn\u00e1 se o sm\u00edchovsk\u00fd Green Point, kter\u00fd WOOD &amp; Company z\u00edsk\u00e1v\u00e1 od<\/p>\n\t\t<\/div>\n\t\t\t\t<\/div>\n\t\t\t\t<div class=\"elementor-post__meta-data\">\n\t\t\t\t\t<span class=\"elementor-post-date\">\n\t\t\t28. July 2022\t\t<\/span>\n\t\t\t\t<\/div>\n\t\t\t\t\t<\/div>\n\t\t<\/article>\n\t\t\t\t<article class=\"elementor-post elementor-grid-item post-71682 post type-post status-publish format-standard hentry category-uncategorized\">\n\t\t\t<div class=\"elementor-post__card\">\n\t\t\t\t<div class=\"elementor-post__text\">\n\t\t\t\t<h3 class=\"elementor-post__title\">\n\t\t\t<a href=\"https:\/\/lokatio.cz\/en\/elektrokola-sprintuji-do-tyniste-nad-orlici-novym-najemcem-haly-v-panattoni-parku-bude-cesky-totem-bikes\/\" >\n\t\t\t\tElektrokola sprintuj\u00ed do T\u00fdni\u0161t\u011b nad Orlic\u00ed. Nov\u00fdm n\u00e1jemcem haly v Panattoni parku bude \u010desk\u00fd Totem Bikes\t\t\t<\/a>\n\t\t<\/h3>\n\t\t\t\t<div class=\"elementor-post__excerpt\">\n\t\t\t<p>U T\u00fdni\u0161t\u011b nad Orlic\u00ed na Rychnovsku se budou vyr\u00e1b\u011bt elektrokola. Do Panattoni Parku T\u00fdni\u0161t\u011b m\u00ed\u0159\u00ed \u010desk\u00fd v\u00fdrobce Totem Bikes. Obsad\u00ed prostory o celkov\u00e9 velikosti 9\u00a0900<\/p>\n\t\t<\/div>\n\t\t\t\t<\/div>\n\t\t\t\t<div class=\"elementor-post__meta-data\">\n\t\t\t\t\t<span class=\"elementor-post-date\">\n\t\t\t28. July 2022\t\t<\/span>\n\t\t\t\t<\/div>\n\t\t\t\t\t<\/div>\n\t\t<\/article>\n\t\t\t\t<\/div>\n\t\t\n\t\t\t\t<\/div>\n\t\t\t\t<\/div>\n\t\t\t\t\t<\/div>\n\t\t<\/div>\n\t\t\t\t\t<\/div>\n\t\t<\/section>\n\t\t\t\t\t<\/div>\n\t\t<\/div>\n\t\t\t\t\t<\/div>\n\t\t<\/section>\n\t\t\t\t<\/div>\n\t\t","protected":false},"excerpt":{"rendered":"","protected":false},"author":6,"featured_media":0,"parent":0,"menu_order":0,"comment_status":"closed","ping_status":"closed","template":"elementor_header_footer","meta":{"_acf_changed":false,"footnotes":""},"class_list":["post-71668","page","type-page","status-publish","hentry"],"acf":[],"_links":{"self":[{"href":"https:\/\/lokatio.cz\/en\/wp-json\/wp\/v2\/pages\/71668","targetHints":{"allow":["GET"]}}],"collection":[{"href":"https:\/\/lokatio.cz\/en\/wp-json\/wp\/v2\/pages"}],"about":[{"href":"https:\/\/lokatio.cz\/en\/wp-json\/wp\/v2\/types\/page"}],"author":[{"embeddable":true,"href":"https:\/\/lokatio.cz\/en\/wp-json\/wp\/v2\/users\/6"}],"replies":[{"embeddable":true,"href":"https:\/\/lokatio.cz\/en\/wp-json\/wp\/v2\/comments?post=71668"}],"version-history":[{"count":1,"href":"https:\/\/lokatio.cz\/en\/wp-json\/wp\/v2\/pages\/71668\/revisions"}],"predecessor-version":[{"id":71699,"href":"https:\/\/lokatio.cz\/en\/wp-json\/wp\/v2\/pages\/71668\/revisions\/71699"}],"wp:attachment":[{"href":"https:\/\/lokatio.cz\/en\/wp-json\/wp\/v2\/media?parent=71668"}],"curies":[{"name":"wp","href":"https:\/\/api.w.org\/{rel}","templated":true}]}}