{"id":71669,"date":"2020-04-16T11:40:46","date_gmt":"2020-04-16T11:40:46","guid":{"rendered":"https:\/\/lokatio.cz\/kontakt\/"},"modified":"2025-12-04T12:04:47","modified_gmt":"2025-12-04T12:04:47","slug":"contact","status":"publish","type":"page","link":"https:\/\/lokatio.cz\/en\/contact\/","title":{"rendered":"Contact"},"content":{"rendered":"\t\t<div data-elementor-type=\"wp-page\" data-elementor-id=\"71669\" class=\"elementor elementor-71669 elementor-22\" data-elementor-post-type=\"page\">\n\t\t\t\t\t\t<section data-dce-background-image-url=\"https:\/\/lokatio.cz\/wp-content\/uploads\/2021\/02\/OPTIMALIZACE-LOGISTIKY-LOKATIO.jpg\" class=\"elementor-section elementor-top-section elementor-element elementor-element-c300d57 elementor-section-height-min-height elementor-section-boxed elementor-section-height-default elementor-section-items-middle\" data-id=\"c300d57\" data-element_type=\"section\" data-settings=\"{&quot;background_background&quot;:&quot;classic&quot;}\">\n\t\t\t\t\t\t<div class=\"elementor-container elementor-column-gap-default\">\n\t\t\t\t\t<div class=\"elementor-column elementor-col-100 elementor-top-column elementor-element elementor-element-8c9ad70\" data-id=\"8c9ad70\" data-element_type=\"column\">\n\t\t\t<div class=\"elementor-widget-wrap\">\n\t\t\t\t\t\t\t<\/div>\n\t\t<\/div>\n\t\t\t\t\t<\/div>\n\t\t<\/section>\n\t\t\t\t<section class=\"elementor-section elementor-top-section elementor-element elementor-element-7d3fad2 elementor-section-height-min-height elementor-section-items-stretch elementor-reverse-mobile elementor-section-boxed elementor-section-height-default\" data-id=\"7d3fad2\" data-element_type=\"section\">\n\t\t\t\t\t\t<div class=\"elementor-container elementor-column-gap-no\">\n\t\t\t\t\t<div class=\"elementor-column elementor-col-50 elementor-top-column elementor-element elementor-element-0f934ba\" data-id=\"0f934ba\" data-element_type=\"column\">\n\t\t\t<div class=\"elementor-widget-wrap elementor-element-populated\">\n\t\t\t\t\t\t<div class=\"elementor-element elementor-element-e6ea291 elementor-widget elementor-widget-heading\" data-id=\"e6ea291\" data-element_type=\"widget\" data-widget_type=\"heading.default\">\n\t\t\t\t<div class=\"elementor-widget-container\">\n\t\t\t<h2 class=\"elementor-heading-title elementor-size-default\">Contact<\/h2>\t\t<\/div>\n\t\t\t\t<\/div>\n\t\t\t\t<div class=\"elementor-element elementor-element-487627c click-contact elementor-widget elementor-widget-text-editor\" data-id=\"487627c\" data-element_type=\"widget\" data-widget_type=\"text-editor.default\">\n\t\t\t\t<div class=\"elementor-widget-container\">\n\t\t\t\t\t\t\t<p><strong>reLokatio s.r.o.<\/strong><br \/>V\u00e1clavsk\u00e9 n\u00e1m\u011bst\u00ed 2132\/47<br \/>Nov\u00e9 M\u011bsto<br \/>110 00 Praha 1<br \/>I\u010c: 04635001<\/p><p><i class=\"fas fa-phone\" aria-hidden=\"true\"><\/i> <button class=\"contact-btn click-phone\" data-phone=\"+420 725 896 767\">Show phone<\/button><br \/><i class=\"fas fa-envelope\" aria-hidden=\"true\"><\/i> <button class=\"contact-btn click-email\" data-email=\"info@lokatio.cz\">Show email<\/button><\/p><p><a href=\"https:\/\/relokatio.cz\/\" target=\"_blank\" rel=\"noopener\"><strong>relokatio.cz<\/strong><\/a><\/p>\t\t\t\t\t\t<\/div>\n\t\t\t\t<\/div>\n\t\t\t\t\t<\/div>\n\t\t<\/div>\n\t\t\t\t<div data-dce-background-image-url=\"https:\/\/lokatio.cz\/wp-content\/uploads\/2020\/09\/OPTIMALIZACE-LOGISTIKY-LOKATIO.jpg\" class=\"elementor-column elementor-col-50 elementor-top-column elementor-element elementor-element-9322fe7\" data-id=\"9322fe7\" data-element_type=\"column\" data-settings=\"{&quot;background_background&quot;:&quot;classic&quot;}\">\n\t\t\t<div class=\"elementor-widget-wrap elementor-element-populated\">\n\t\t\t\t\t\t<div class=\"elementor-element elementor-element-a4d5fa9 elementor-widget elementor-widget-heading\" data-id=\"a4d5fa9\" data-element_type=\"widget\" data-widget_type=\"heading.default\">\n\t\t\t\t<div class=\"elementor-widget-container\">\n\t\t\t<h2 class=\"elementor-heading-title elementor-size-default\">I'm interested in<\/h2>\t\t<\/div>\n\t\t\t\t<\/div>\n\t\t\t\t<div data-dce-background-color=\"#2CB6E7\" class=\"elementor-element elementor-element-b36eb46 elementor-align-center elementor-widget__width-auto elementor-widget elementor-widget-button\" data-id=\"b36eb46\" data-element_type=\"widget\" data-widget_type=\"button.default\">\n\t\t\t\t<div class=\"elementor-widget-container\">\n\t\t\t\t\t<div class=\"elementor-button-wrapper\">\n\t\t\t<a class=\"elementor-button elementor-button-link elementor-size-sm\" href=\"#elementor-action%3Aaction%3Dpopup%3Aopen%26settings%3DeyJpZCI6NzE2NzMsInRvZ2dsZSI6ZmFsc2V9\">\n\t\t\t\t\t\t<span class=\"elementor-button-content-wrapper\">\n\t\t\t\t\t\t<span class=\"elementor-button-text\">Advertisement<\/span>\n\t\t<\/span>\n\t\t\t\t\t<\/a>\n\t\t<\/div>\n\t\t\t\t<\/div>\n\t\t\t\t<\/div>\n\t\t\t\t<div data-dce-background-color=\"#2CB6E7\" class=\"elementor-element elementor-element-ab95f2d elementor-align-center elementor-widget__width-auto elementor-widget elementor-widget-button\" data-id=\"ab95f2d\" data-element_type=\"widget\" data-widget_type=\"button.default\">\n\t\t\t\t<div class=\"elementor-widget-container\">\n\t\t\t\t\t<div class=\"elementor-button-wrapper\">\n\t\t\t<a class=\"elementor-button elementor-button-link elementor-size-sm\" href=\"#elementor-action%3Aaction%3Dpopup%3Aopen%26settings%3DeyJpZCI6NzE2NzQsInRvZ2dsZSI6ZmFsc2V9\">\n\t\t\t\t\t\t<span class=\"elementor-button-content-wrapper\">\n\t\t\t\t\t\t<span class=\"elementor-button-text\">Tailor-made demand<\/span>\n\t\t<\/span>\n\t\t\t\t\t<\/a>\n\t\t<\/div>\n\t\t\t\t<\/div>\n\t\t\t\t<\/div>\n\t\t\t\t\t<\/div>\n\t\t<\/div>\n\t\t\t\t\t<\/div>\n\t\t<\/section>\n\t\t\t\t<\/div>\n\t\t","protected":false},"excerpt":{"rendered":"<p>Contact reLokatio s.r.o.V\u00e1clavsk\u00e9 n\u00e1m\u011bst\u00ed 2132\/47Nov\u00e9 M\u011bsto110 00 Praha 1I\u010c: 04635001 Show phone Show email relokatio.cz I&#8217;m interested in Advertisement Tailor-made demand<\/p>\n","protected":false},"author":6,"featured_media":0,"parent":0,"menu_order":0,"comment_status":"closed","ping_status":"closed","template":"elementor_header_footer","meta":{"_acf_changed":false,"footnotes":""},"class_list":["post-71669","page","type-page","status-publish","hentry"],"acf":[],"_links":{"self":[{"href":"https:\/\/lokatio.cz\/en\/wp-json\/wp\/v2\/pages\/71669","targetHints":{"allow":["GET"]}}],"collection":[{"href":"https:\/\/lokatio.cz\/en\/wp-json\/wp\/v2\/pages"}],"about":[{"href":"https:\/\/lokatio.cz\/en\/wp-json\/wp\/v2\/types\/page"}],"author":[{"embeddable":true,"href":"https:\/\/lokatio.cz\/en\/wp-json\/wp\/v2\/users\/6"}],"replies":[{"embeddable":true,"href":"https:\/\/lokatio.cz\/en\/wp-json\/wp\/v2\/comments?post=71669"}],"version-history":[{"count":29,"href":"https:\/\/lokatio.cz\/en\/wp-json\/wp\/v2\/pages\/71669\/revisions"}],"predecessor-version":[{"id":91158,"href":"https:\/\/lokatio.cz\/en\/wp-json\/wp\/v2\/pages\/71669\/revisions\/91158"}],"wp:attachment":[{"href":"https:\/\/lokatio.cz\/en\/wp-json\/wp\/v2\/media?parent=71669"}],"curies":[{"name":"wp","href":"https:\/\/api.w.org\/{rel}","templated":true}]}}