{"id":78955,"date":"2022-03-21T13:39:14","date_gmt":"2022-03-21T13:39:14","guid":{"rendered":"https:\/\/lokatio.cz\/prohlaseni-o-ochrane-osobnich-udaju\/"},"modified":"2023-08-03T09:05:41","modified_gmt":"2023-08-03T09:05:41","slug":"privacy-statement","status":"publish","type":"page","link":"https:\/\/lokatio.cz\/en\/privacy-statement\/","title":{"rendered":"Privacy Statement"},"content":{"rendered":"\t\t<div data-elementor-type=\"wp-page\" data-elementor-id=\"78955\" class=\"elementor elementor-78955 elementor-59835\" data-elementor-post-type=\"page\">\n\t\t\t\t\t\t<section class=\"elementor-section elementor-top-section elementor-element elementor-element-708fa7c6 elementor-section-boxed elementor-section-height-default elementor-section-height-default\" data-id=\"708fa7c6\" data-element_type=\"section\">\n\t\t\t\t\t\t<div class=\"elementor-container elementor-column-gap-default\">\n\t\t\t\t\t<div class=\"elementor-column elementor-col-100 elementor-top-column elementor-element elementor-element-5442d11\" data-id=\"5442d11\" data-element_type=\"column\">\n\t\t\t<div class=\"elementor-widget-wrap elementor-element-populated\">\n\t\t\t\t\t\t<div class=\"elementor-element elementor-element-9b98d6d elementor-widget elementor-widget-heading\" data-id=\"9b98d6d\" data-element_type=\"widget\" data-widget_type=\"heading.default\">\n\t\t\t\t<div class=\"elementor-widget-container\">\n\t\t\t<h2 class=\"elementor-heading-title elementor-size-default\">Privacy Statement<\/h2>\t\t<\/div>\n\t\t\t\t<\/div>\n\t\t\t\t<div class=\"elementor-element elementor-element-226f962 elementor-widget elementor-widget-text-editor\" data-id=\"226f962\" data-element_type=\"widget\" data-widget_type=\"text-editor.default\">\n\t\t\t\t<div class=\"elementor-widget-container\">\n\t\t\t\t\t\t\t<div id=\"cmplz-document\" class=\"cmplz-document privacy-statement\">\n<!-- Legal document generated by Complianz | GDPR\/CCPA Cookie Consent https:\/\/wordpress.org\/plugins\/complianz-gdpr -->\n<div id=\"cmplz-document\" class=\"cmplz-document privacy-statement cmplz-document-eu\"><h2>1. Purpose, data and retention period<\/h2>We may collect or receive personal information for a number of purposes connected with our business operations which may include the following: (click to expand)<details class=\"cmplz-dropdown dropdown-privacy-statement\"><summary><div><h3>1.1 Contact &#8211; Through phone, mail, email and\/or webforms<\/h3><\/div><\/summary><p class=\"cmplz-subtitle\">For this purpose we use the following data:<\/p><p><ul><li>An email address<\/li><li>A telephone number<\/li><\/ul><\/p><p class=\"cmplz-subtitle\">The basis on which we may process these data is:<\/p><p><a target=\"_blank\" rel=\"noopener noreferrer nofollow\" href=\"https:\/\/cookiedatabase.org\/legal-bases\/#consent\">Upon the provision of consent.<\/a><\/p><p class=\"cmplz-subtitle\">Retention period<\/p><p>We retain this data until the service is terminated.<\/p><\/details><details class=\"cmplz-dropdown dropdown-privacy-statement\"><summary><div><h3>1.2 Compiling and analyzing statistics for website improvement.<\/h3><\/div><\/summary><p class=\"cmplz-subtitle\">For this purpose we use the following data:<\/p><p><ul><li>IP Address<\/li><li>Geolocation data<\/li><li>Internet activity information, including, but not limited to, browsing history, search history, and information regarding a consumer&#039;s interaction with an Internet Web site, application, or advertisement<\/li><\/ul><\/p><p class=\"cmplz-subtitle\">The basis on which we may process these data is:<\/p><p><a target=\"_blank\" rel=\"noopener noreferrer nofollow\" href=\"https:\/\/cookiedatabase.org\/legal-bases\/#consent\">Upon the provision of consent.<\/a><\/p><p class=\"cmplz-subtitle\">Retention period<\/p><p>Upon termination of the service we retain this data for the following period: 26 m\u011bs\u00edc\u016f.<\/p><\/details><\/div><\/div>\t\t\t\t\t\t<\/div>\n\t\t\t\t<\/div>\n\t\t\t\t\t<\/div>\n\t\t<\/div>\n\t\t\t\t\t<\/div>\n\t\t<\/section>\n\t\t\t\t<\/div>\n\t\t","protected":false},"excerpt":{"rendered":"<p>Privacy Statement<\/p>\n","protected":false},"author":6,"featured_media":0,"parent":0,"menu_order":0,"comment_status":"closed","ping_status":"closed","template":"elementor_header_footer","meta":{"_acf_changed":false,"footnotes":""},"class_list":["post-78955","page","type-page","status-publish","hentry"],"acf":[],"_links":{"self":[{"href":"https:\/\/lokatio.cz\/en\/wp-json\/wp\/v2\/pages\/78955","targetHints":{"allow":["GET"]}}],"collection":[{"href":"https:\/\/lokatio.cz\/en\/wp-json\/wp\/v2\/pages"}],"about":[{"href":"https:\/\/lokatio.cz\/en\/wp-json\/wp\/v2\/types\/page"}],"author":[{"embeddable":true,"href":"https:\/\/lokatio.cz\/en\/wp-json\/wp\/v2\/users\/6"}],"replies":[{"embeddable":true,"href":"https:\/\/lokatio.cz\/en\/wp-json\/wp\/v2\/comments?post=78955"}],"version-history":[{"count":28,"href":"https:\/\/lokatio.cz\/en\/wp-json\/wp\/v2\/pages\/78955\/revisions"}],"predecessor-version":[{"id":83658,"href":"https:\/\/lokatio.cz\/en\/wp-json\/wp\/v2\/pages\/78955\/revisions\/83658"}],"wp:attachment":[{"href":"https:\/\/lokatio.cz\/en\/wp-json\/wp\/v2\/media?parent=78955"}],"curies":[{"name":"wp","href":"https:\/\/api.w.org\/{rel}","templated":true}]}}