{"id":86060,"date":"2023-08-21T07:51:41","date_gmt":"2023-08-21T07:51:41","guid":{"rendered":"https:\/\/lokatio.cz\/obchodni-podminky\/"},"modified":"2023-08-21T07:58:47","modified_gmt":"2023-08-21T07:58:47","slug":"terms-and-conditions","status":"publish","type":"page","link":"https:\/\/lokatio.cz\/en\/terms-and-conditions\/","title":{"rendered":"Terms and conditions"},"content":{"rendered":"\t\t<div data-elementor-type=\"wp-page\" data-elementor-id=\"86060\" class=\"elementor elementor-86060 elementor-86055\" data-elementor-post-type=\"page\">\n\t\t\t\t\t\t<section class=\"elementor-section elementor-top-section elementor-element elementor-element-7b4a36f elementor-section-boxed elementor-section-height-default elementor-section-height-default\" data-id=\"7b4a36f\" data-element_type=\"section\">\n\t\t\t\t\t\t<div class=\"elementor-container elementor-column-gap-default\">\n\t\t\t\t\t<div class=\"elementor-column elementor-col-100 elementor-top-column elementor-element elementor-element-328ef80\" data-id=\"328ef80\" data-element_type=\"column\">\n\t\t\t<div class=\"elementor-widget-wrap elementor-element-populated\">\n\t\t\t\t\t\t<div class=\"elementor-element elementor-element-063a1e9 elementor-widget elementor-widget-heading\" data-id=\"063a1e9\" data-element_type=\"widget\" data-widget_type=\"heading.default\">\n\t\t\t\t<div class=\"elementor-widget-container\">\n\t\t\t<h2 class=\"elementor-heading-title elementor-size-default\">Terms and conditions of the real estate portal lokatio.cz<\/h2>\t\t<\/div>\n\t\t\t\t<\/div>\n\t\t\t\t<div class=\"elementor-element elementor-element-e6c7d54 elementor-widget elementor-widget-text-editor\" data-id=\"e6c7d54\" data-element_type=\"widget\" data-widget_type=\"text-editor.default\">\n\t\t\t\t<div class=\"elementor-widget-container\">\n\t\t\t\t\t\t\t<ol><li>The operator of the real estate portal lokatio.cz on the website https:\/\/lokatio.cz\/ (hereinafter referred to as &#8220;Portal&#8221;) is the company reLokatio s.r.o., ID No. 046 35 001, with registered office at V\u00e1clavsk\u00e9 n\u00e1m\u011bst\u00ed 2132\/47, Nov\u00e9 M\u011bsto, 110 00 Prague 1 (hereinafter referred to as &#8220;Operator&#8221;).<\/li><li>The Portal is intended primarily for advertising the lease of commercial premises (mainly warehouses and production facilities) owned by third parties (hereinafter referred to as &#8220;Premises&#8221;) and the offer of logistics and other additional services operated by third parties (hereinafter referred to as &#8220;Services&#8221;).<\/li><li>Information about the Premises and Services published on the Portal has been provided to the Operator by third parties. The Operator has no ability to verify all such information and is not responsible for the truthfulness, accuracy or relevance of such information.<\/li><li>The information about the Premises and Services published on the Portal does not constitute a promise to enter into a contract or any other binding offer and does not bind the Operator, the owner of the Premises or the provider of the Services listed.<\/li><li>Information and photographs displayed on the Portal may not be copied, published or otherwise used for any purpose other than advertising on the Portal without the Operator&#8217;s consent.<\/li><li>The Operator reserves the right to modify or supplement these Terms and Conditions at any time.<\/li><\/ol><p>\u00a0<\/p><p>reLokatio s.r.o.<\/p>\t\t\t\t\t\t<\/div>\n\t\t\t\t<\/div>\n\t\t\t\t\t<\/div>\n\t\t<\/div>\n\t\t\t\t\t<\/div>\n\t\t<\/section>\n\t\t\t\t<\/div>\n\t\t","protected":false},"excerpt":{"rendered":"<p>Terms and conditions of the real estate portal lokatio.cz The operator of the real estate portal lokatio.cz on the website https:\/\/lokatio.cz\/ (hereinafter referred to as &#8220;Portal&#8221;) is the company reLokatio s.r.o., ID No. 046 35 001, with registered office at V\u00e1clavsk\u00e9 n\u00e1m\u011bst\u00ed 2132\/47, Nov\u00e9 M\u011bsto, 110 00 Prague 1 (hereinafter referred to as &#8220;Operator&#8221;). The [&hellip;]<\/p>\n","protected":false},"author":6,"featured_media":0,"parent":0,"menu_order":0,"comment_status":"closed","ping_status":"closed","template":"elementor_header_footer","meta":{"_acf_changed":false,"footnotes":""},"class_list":["post-86060","page","type-page","status-publish","hentry"],"acf":[],"_links":{"self":[{"href":"https:\/\/lokatio.cz\/en\/wp-json\/wp\/v2\/pages\/86060","targetHints":{"allow":["GET"]}}],"collection":[{"href":"https:\/\/lokatio.cz\/en\/wp-json\/wp\/v2\/pages"}],"about":[{"href":"https:\/\/lokatio.cz\/en\/wp-json\/wp\/v2\/types\/page"}],"author":[{"embeddable":true,"href":"https:\/\/lokatio.cz\/en\/wp-json\/wp\/v2\/users\/6"}],"replies":[{"embeddable":true,"href":"https:\/\/lokatio.cz\/en\/wp-json\/wp\/v2\/comments?post=86060"}],"version-history":[{"count":5,"href":"https:\/\/lokatio.cz\/en\/wp-json\/wp\/v2\/pages\/86060\/revisions"}],"predecessor-version":[{"id":86065,"href":"https:\/\/lokatio.cz\/en\/wp-json\/wp\/v2\/pages\/86060\/revisions\/86065"}],"wp:attachment":[{"href":"https:\/\/lokatio.cz\/en\/wp-json\/wp\/v2\/media?parent=86060"}],"curies":[{"name":"wp","href":"https:\/\/api.w.org\/{rel}","templated":true}]}}